{"id":4828,"date":"2025-01-31T09:13:35","date_gmt":"2025-01-31T08:13:35","guid":{"rendered":"https:\/\/gp2a.org\/?page_id=4828"},"modified":"2025-02-16T18:39:39","modified_gmt":"2025-02-16T17:39:39","slug":"invited-speakers-gp2a-2025-paul-ehrlich-medchem-2025-nantes-france-june-11th-to-13th-2025","status":"publish","type":"page","link":"https:\/\/gp2a.org\/index.php\/invited-speakers-gp2a-2025-paul-ehrlich-medchem-2025-nantes-france-june-11th-to-13th-2025\/","title":{"rendered":"Confirmed Speakers &#8211; GP2A 2025, Paul Ehrlich MedChem 2025 &amp; COST Action OneHealthdrugs \u2013 Nantes, France \u2013 June 11th to 13th 2025"},"content":{"rendered":"\n<hr class=\"wp-block-separator has-alpha-channel-opacity\"\/>\n\n\n\n<p><strong><a href=\"https:\/\/www.unibo.it\/sitoweb\/marialaura.bolognesi\/en\" target=\"_blank\" rel=\"noreferrer noopener\">Prof. Maria Laura Bolognesi<\/a><\/strong>, <strong>University of Bologna, Italy<\/strong><\/p>\n\n\n\n<p class=\"has-text-align-center\"><em>Leveraging medicinal chemistry for the United Nations Sustainable Development Goals<\/em><\/p>\n\n\n\n<p><strong><a href=\"https:\/\/profiles.ucl.ac.uk\/41236\" target=\"_blank\" rel=\"noreferrer noopener\">Dr. Rachael Dickman<\/a><\/strong>, <strong>University College London, UK<\/strong><\/p>\n\n\n\n<p class=\"has-text-align-center\"><em>Discovery and structure-activity-relationships of cyclic antimicrobial peptides<\/em><\/p>\n\n\n\n<p><strong><a href=\"https:\/\/orcid.org\/0000-0003-2800-5287\" target=\"_blank\" rel=\"noreferrer noopener\">Dr. Stephanie Federico<\/a><\/strong>, <strong>University of Trieste, Italy<\/strong><\/p>\n\n\n\n<p class=\"has-text-align-center\"><em>Casein Kinase 1: Where We Are and Where We are Going<\/em><\/p>\n\n\n\n<p><strong><a href=\"https:\/\/itq.upv-csic.es\/en\/empleado\/gonzalez-cardenete-miguel-angel\" target=\"_blank\" rel=\"noreferrer noopener\">Dr. Miguel Angel Gonz\u00e1lez Cardenete<\/a>, Universitat Politecnica de Valencia-CSIC, Spain<\/strong><\/p>\n\n\n\n<p class=\"has-text-align-center\"><em>Discoveries in natural products chemistry from renewable biomass: addressing synthetic and therapeutic challenges, abietanes\u2019 story<\/em><\/p>\n\n\n\n<p><strong><a href=\"https:\/\/orcid.org\/0000-0001-7996-2082\" target=\"_blank\" rel=\"noreferrer noopener\">Prof. Christophe Rochais<\/a>, Universit\u00e9 de Caen Normandie, France<\/strong><\/p>\n\n\n\n<p class=\"has-text-align-center\"><em>Pleiotropic prodrugs: a polypharmacological approach to the treatment of neurodegenerative diseases<\/em><\/p>\n\n\n\n<p><strong><a href=\"https:\/\/www.ugent.be\/fw\/pharmaceutics\/medchem\/en\/staff\/serge\" target=\"_blank\" rel=\"noreferrer noopener\">Prof. Serge Van Calenbergh<\/a><\/strong>, <strong>Ghent University<\/strong>, <strong>Belgium<\/strong><\/p>\n\n\n\n<p class=\"has-text-align-center\"><em>Purine nucleoside analogues as promising agents against protozoan pathogens in humans and livestock<\/em><\/p>\n\n\n\n<p><strong><a href=\"https:\/\/www.maynoothuniversity.ie\/faculty-science-engineering\/our-people\/trinidad-velasco-torrijos\" target=\"_blank\" rel=\"noreferrer noopener\">Dr. Trinidad Velasco-Torrijos<\/a>, Maynooth University, Co. Kildare, Ireland<\/strong><\/p>\n\n\n\n<p class=\"has-text-align-center\"><em>Glycoconjugates as anti-virulence agents to combat fungal infection<\/em><\/p>\n\n\n\n<p><strong><a href=\"https:\/\/www.ch.cam.ac.uk\/person\/mv245\" target=\"_blank\" rel=\"noreferrer noopener\">Prof. Michele Vendruscolo<\/a>, University of Cambridge, UK<\/strong><\/p>\n\n\n\n<p class=\"has-text-align-center\"><em>Expediting Drug Discovery for Undruggable Targets Using AI<\/em><\/p>\n\n\n\n<figure class=\"wp-block-image size-large\"><img decoding=\"async\" src=\"https:\/\/gp2a.org\/wp-content\/uploads\/2025\/02\/Keynote-speakers-GP2A-PE-MedChem-CA-OHD-2025_vf.png\" alt=\"\"\/><\/figure>\n\n\n\n<hr class=\"wp-block-separator has-alpha-channel-opacity\"\/>\n\n\n\n<h2 class=\"wp-block-heading\"><strong>Biographies<\/strong><\/h2>\n\n\n\n<p><strong><a href=\"https:\/\/www.unibo.it\/sitoweb\/marialaura.bolognesi\/en\" target=\"_blank\" rel=\"noreferrer noopener\">Prof. Maria Laura Bolognesi<\/a><\/strong>, <strong>University of Bologna, Italy<\/strong><\/p>\n\n\n\n<div class=\"wp-block-media-text is-stacked-on-mobile\" style=\"grid-template-columns:17% auto\"><figure class=\"wp-block-media-text__media\"><img loading=\"lazy\" decoding=\"async\" width=\"271\" height=\"310\" src=\"https:\/\/gp2a.org\/wp-content\/uploads\/2025\/02\/Maria-Laura-Bolognesi.png\" alt=\"\" class=\"wp-image-4943 size-full\" srcset=\"https:\/\/gp2a.org\/wp-content\/uploads\/2025\/02\/Maria-Laura-Bolognesi.png 271w, https:\/\/gp2a.org\/wp-content\/uploads\/2025\/02\/Maria-Laura-Bolognesi-262x300.png 262w\" sizes=\"(max-width: 271px) 100vw, 271px\" \/><\/figure><div class=\"wp-block-media-text__content\">\n<p>Maria-Laura Bolognesi is a Professor of Medicinal Chemistry at the University of Bologna. Here research focuses on the development of small molecules targeting neurodegenerative and neglected tropical diseases. She has authored over 200 publications and delivered more than 100 invited lectures worldwide. She was a Visiting Professor at the Complutense University of Madrid (2009), PVE Fellow at the University of Brasilia (2014-2018), and Professeur Invit\u00e9 at Universit\u00e9 Caen-Normandie (2018). She has previously served as President of the Medicinal Chemistry Division of the Italian Chemical Society (2021-2024), and is currently serving as Associate Editor of the Journal of Medicinal Chemistry (ACS) and member of the Advisory Board of the European Federation of Medicinal Chemistry (EFMC). From 2024, she has been nominated by the Italian National Agency for the Evaluation of University and Research Systems (ANVUR) as Coordinator of the Group of Evaluation Experts (GEV) for Chemistry.<\/p>\n<\/div><\/div>\n\n\n\n<p><strong><a href=\"https:\/\/profiles.ucl.ac.uk\/41236\" target=\"_blank\" rel=\"noreferrer noopener\">Dr. Rachael Dickman<\/a><\/strong>, <strong>University College London, UK<\/strong><\/p>\n\n\n\n<div class=\"wp-block-media-text is-stacked-on-mobile\" style=\"grid-template-columns:17% auto\"><figure class=\"wp-block-media-text__media\"><img loading=\"lazy\" decoding=\"async\" width=\"974\" height=\"1024\" src=\"https:\/\/gp2a.org\/wp-content\/uploads\/2025\/01\/Rachael-974x1024.jpg\" alt=\"\" class=\"wp-image-4830 size-full\" srcset=\"https:\/\/gp2a.org\/wp-content\/uploads\/2025\/01\/Rachael-974x1024.jpg 974w, https:\/\/gp2a.org\/wp-content\/uploads\/2025\/01\/Rachael-285x300.jpg 285w, https:\/\/gp2a.org\/wp-content\/uploads\/2025\/01\/Rachael-768x808.jpg 768w, https:\/\/gp2a.org\/wp-content\/uploads\/2025\/01\/Rachael-1461x1536.jpg 1461w, https:\/\/gp2a.org\/wp-content\/uploads\/2025\/01\/Rachael-1948x2048.jpg 1948w\" sizes=\"(max-width: 974px) 100vw, 974px\" \/><\/figure><div class=\"wp-block-media-text__content\">\n<p>Rachael Dickman obtained an MChem in Medicinal Chemistry from the University of Manchester in 2013, followed by a PhD from UCL in 2018 under the supervision of Professor Alethea Tabor. Following postdoctoral research with Professor M\u00e1t\u00e9 Erd\u00e9lyi at Uppsala University, Sweden, she returned to the Department of Chemistry at UCL as an EPSRC Doctoral Prize Fellow to work with Professor Stefan Howorka and Professor Alethea Tabor. In 2020, Rachael joined the School of Pharmacy at UCL as Lecturer in Drug Discovery. Rachael\u2019s research aims to develop new peptide drugs to treat infections and diseases. A primary interest of her research group is antimicrobial compounds produced by nature, particularly solid-phase synthesis of complex cyclic peptides and their analogues. Other applications her group is currently working on include peptide treatments for neurodegeneration as a result of injury or disease.<\/p>\n<\/div><\/div>\n\n\n\n<p><strong><a href=\"https:\/\/orcid.org\/0000-0003-2800-5287\" target=\"_blank\" rel=\"noreferrer noopener\">Dr. Stephanie Federico<\/a><\/strong>, <strong>University of Trieste, Italy<\/strong><\/p>\n\n\n\n<div class=\"wp-block-media-text is-stacked-on-mobile\" style=\"grid-template-columns:17% auto\"><figure class=\"wp-block-media-text__media\"><img loading=\"lazy\" decoding=\"async\" width=\"789\" height=\"1024\" src=\"https:\/\/gp2a.org\/wp-content\/uploads\/2025\/01\/Stephanie-Federico-vf-789x1024.jpg\" alt=\"\" class=\"wp-image-4831 size-full\" srcset=\"https:\/\/gp2a.org\/wp-content\/uploads\/2025\/01\/Stephanie-Federico-vf-789x1024.jpg 789w, https:\/\/gp2a.org\/wp-content\/uploads\/2025\/01\/Stephanie-Federico-vf-231x300.jpg 231w, https:\/\/gp2a.org\/wp-content\/uploads\/2025\/01\/Stephanie-Federico-vf-768x997.jpg 768w, https:\/\/gp2a.org\/wp-content\/uploads\/2025\/01\/Stephanie-Federico-vf-1183x1536.jpg 1183w, https:\/\/gp2a.org\/wp-content\/uploads\/2025\/01\/Stephanie-Federico-vf-1578x2048.jpg 1578w, https:\/\/gp2a.org\/wp-content\/uploads\/2025\/01\/Stephanie-Federico-vf.jpg 1842w\" sizes=\"(max-width: 789px) 100vw, 789px\" \/><\/figure><div class=\"wp-block-media-text__content\">\n<p>Stephanie Federico received her PhD in Chemical and Pharmaceutical Sciences from the University of Trieste, where she became Assistant Professor in 2013. After a brief research period in 2016 at the University of Bonn in the group of Prof. Christa E. Muller, she returned to the University of Trieste, where she was appointed Associate Professor in Medicinal Chemistry in 2021. Her research primarily focuses on the design, synthesis, and characterization of heterocyclic compounds as ligands for specific target proteins. In particular, her work includes the development of CK1\u03b4 inhibitors, adenosine receptor antagonists, and 5\u2019-ecto-nucleotidase (CD73) inhibitors, with a special emphasis on applications in neuroinflammation and neurodegenerative diseases.<\/p>\n<\/div><\/div>\n\n\n\n<p><strong><a href=\"https:\/\/itq.upv-csic.es\/en\/empleado\/gonzalez-cardenete-miguel-angel\" target=\"_blank\" rel=\"noreferrer noopener\">Dr. Miguel Angel Gonz\u00e1lez Cardenete<\/a>, Universitat Politecnica de Valencia-CSIC, Spain<\/strong><\/p>\n\n\n\n<div class=\"wp-block-media-text is-stacked-on-mobile\" style=\"grid-template-columns:18% auto\"><figure class=\"wp-block-media-text__media\"><img loading=\"lazy\" decoding=\"async\" width=\"873\" height=\"1024\" src=\"https:\/\/gp2a.org\/wp-content\/uploads\/2025\/01\/Miguel-873x1024.jpg\" alt=\"\" class=\"wp-image-4832 size-full\" srcset=\"https:\/\/gp2a.org\/wp-content\/uploads\/2025\/01\/Miguel-873x1024.jpg 873w, https:\/\/gp2a.org\/wp-content\/uploads\/2025\/01\/Miguel-256x300.jpg 256w, https:\/\/gp2a.org\/wp-content\/uploads\/2025\/01\/Miguel-768x901.jpg 768w, https:\/\/gp2a.org\/wp-content\/uploads\/2025\/01\/Miguel.jpg 904w\" sizes=\"(max-width: 873px) 100vw, 873px\" \/><\/figure><div class=\"wp-block-media-text__content\">\n<p> Miguel Angel Gonz\u00e1lez Cardenete studied Chemistry at the University of Valencia, Spain, where he obtained a Bachelor\u2019s Degree in 1995, a Master\u2019s Degree (1997, Excellent) and finally a Doctorate in Chemistry (2001, Excellent Cum laude, PhD Extraordinary award). In his Doctorate under the supervision of Professors Manuel Arn\u00f3 Giribet and Ram\u00f3n Jos\u00e9 Zaragoz\u00e1 Cardells, he developed the synthesis of a variety of skeletons of terpenoid natural products and started collaborations to study their biological properties. Also, he joined the group of Prof. Gerald Pattenden at the University of Nottingham (UK) to study radical cascade reactions for obtaining polycyclic systems. At the end of the Doctorate, he went back to the Pattenden\u2019s group as Postdoctoral researcher and worked on a project for the synthesis of one of the most potent antitumor agents known to date, the Phorboxazole A. Then, he made a Postdoctoral stay with a Fulbright fellowship in the group of Prof. Emmanuel A. Theodorakis at the University of California, San Diego (USA). After three years of postdoctoral research abroad, he returned to Spain to work as \u201cRam\u00f3n y Cajal\u201d researcher at the University of Valencia, where he worked in two research lines, development of synthetic methodology and medicinal chemistry from natural compounds. There, he worked as Assistant Professor and senior researcher. In 2015, he got a position as tenured scientist at the Spanish National Research Council (CSIC) and moved to the Institute of Chemical Technology as Principal Investigator of the group \u201cSynthetic and Therapeutic Chemistry of Natural Products\u201d. Main lines of research: 1- Sustainable synthesis of Natural Products, derivatives and analogues of pharmacological interest. 2- Medicinal Chemistry. His research has led to more than 60 publications and conference communications and one patent. Most pat of his research has been devoted to the development of antivirals for Dengue, Zika and Chikungunya, recently, started projects for anti-Coronavirus agents and has also worked in the development of antitumor compounds from natural product analogues.<\/p>\n<\/div><\/div>\n\n\n\n<p><strong><a href=\"https:\/\/orcid.org\/0000-0001-7996-2082\" target=\"_blank\" rel=\"noreferrer noopener\">Prof. Christophe Rochais<\/a>, Universit\u00e9 de Caen Normandie, France<\/strong><\/p>\n\n\n\n<div class=\"wp-block-media-text is-stacked-on-mobile\" style=\"grid-template-columns:17% auto\"><figure class=\"wp-block-media-text__media\"><img loading=\"lazy\" decoding=\"async\" width=\"613\" height=\"629\" src=\"https:\/\/gp2a.org\/wp-content\/uploads\/2025\/01\/Christophe_ROCHAIS.jpg\" alt=\"\" class=\"wp-image-4833 size-full\" srcset=\"https:\/\/gp2a.org\/wp-content\/uploads\/2025\/01\/Christophe_ROCHAIS.jpg 613w, https:\/\/gp2a.org\/wp-content\/uploads\/2025\/01\/Christophe_ROCHAIS-292x300.jpg 292w\" sizes=\"(max-width: 613px) 100vw, 613px\" \/><\/figure><div class=\"wp-block-media-text__content\">\n<p>Christophe Rochais received his engineering degree in chemistry from the Ecole Nationale Sup\u00e9rieure de Chimie de Mulhouse (ENSCMu) in 2002 and completed his PhD under the supervision of Prof. S. Rault at the University of Caen Basse-Normandie from 2002 to 2005. Following his doctoral studies, he undertook a postdoctoral fellowship at the Centre for Biomolecular Sciences, University of Nottingham, under the guidance of Prof. Peter M. Fischer. In 2007, h joined the Faculty of Pharmacy at the Universit\u00e9 Caen Normandie as a Lecturer in Organic Chemistry and was promoted Professor of Organic Chemistry in 2014. His research focuses on medicinal chemistry, particularly in enzymatic inhibition and receptor modulation, aimed at developing pharmacological tools and bioactive compounds. Since 2012, he has been leading a research group dedicated to the design and development of pleiotropic compounds for the treatment of Alzheimer&#8217;s disease. He served as the Director of the Centre d&#8217;\u00c9tudes et de Recherche sur le M\u00e9dicament de Normandie (CERMN), a position he holds until 2024. He is also a member of the French National Academy of Pharmacy. He has authored over 80 international publications and patents and has presented at more than 50 international conferences.<\/p>\n<\/div><\/div>\n\n\n\n<p><strong><a href=\"https:\/\/www.ugent.be\/fw\/pharmaceutics\/medchem\/en\/staff\/serge\" target=\"_blank\" rel=\"noreferrer noopener\">Prof. Serge Van Calenbergh<\/a><\/strong>, <strong>Ghent University<\/strong>, <strong>Belgium<\/strong><\/p>\n\n\n\n<div class=\"wp-block-media-text is-stacked-on-mobile\" style=\"grid-template-columns:21% auto\"><figure class=\"wp-block-media-text__media\"><img loading=\"lazy\" decoding=\"async\" width=\"975\" height=\"1024\" src=\"https:\/\/gp2a.org\/wp-content\/uploads\/2025\/02\/Serge-Van-Calenbergh-vf-975x1024.jpg\" alt=\"\" class=\"wp-image-4847 size-full\" srcset=\"https:\/\/gp2a.org\/wp-content\/uploads\/2025\/02\/Serge-Van-Calenbergh-vf-975x1024.jpg 975w, https:\/\/gp2a.org\/wp-content\/uploads\/2025\/02\/Serge-Van-Calenbergh-vf-286x300.jpg 286w, https:\/\/gp2a.org\/wp-content\/uploads\/2025\/02\/Serge-Van-Calenbergh-vf-768x807.jpg 768w, https:\/\/gp2a.org\/wp-content\/uploads\/2025\/02\/Serge-Van-Calenbergh-vf-1462x1536.jpg 1462w, https:\/\/gp2a.org\/wp-content\/uploads\/2025\/02\/Serge-Van-Calenbergh-vf.jpg 1915w\" sizes=\"(max-width: 975px) 100vw, 975px\" \/><\/figure><div class=\"wp-block-media-text__content\">\n<p>Serge Van Calenbergh began his PhD research under the supervision of Prof. Piet Herdewijn at the REGA Institute in Leuven. Returning to Ghent, he established a synthetic chemistry lab from scratch at the Faculty of Pharmaceutical Sciences, where he completed his PhD in 1995. After four years of postdoctoral research at the University of Iowa and Ghent University, he took charge of the Laboratory for Medicinal Chemistry in 1999 as an assistant professor, rising to full professor in 2018. His research group focuses on developing novel small-molecule modulators, either as tool compounds for emerging targets\/pathways or as lead compounds for conditions with unmet medical needs. To advance these goals, he has built strong national and international collaborations. A significant portion of his work has been dedicated to infectious diseases, including neglected diseases. Recently, his team has identified promising lead compounds against diseases caused by trypanosomatids and related protozoa in collaboration with Prof. Guy Caljon. From a chemical perspective, his expertise spans nucleoside analogues, phosphonates, glycosphingolipids, and conjugates such as PROTACs, bivalent GPCR ligands, and photocaged drugs. Since 2000, he has successfully supervised 25 PhD students and currently mentors six. His academic contributions include approximately 225 scientific publications and nine patents. Beyond research, he has taken on several leadership roles within his faculty. From 2014 to 2022, he served as faculty director of education. Since 2022, he has been a faculty board member and the academic coordinator of the International Master Programme in Sustainable Chemistry (S-DISCO). His contributions to the medicinal chemistry community extend to his role as a Council Member of the European Federation for Medicinal Chemistry (EFMC) since 2008. From 2022 to 2024, he chaired the Paul Ehrlich MedChem Euro-PhD Network.<\/p>\n<\/div><\/div>\n\n\n\n<p><strong><a href=\"https:\/\/www.maynoothuniversity.ie\/faculty-science-engineering\/our-people\/trinidad-velasco-torrijos\" target=\"_blank\" rel=\"noreferrer noopener\">Dr. Trinidad Velasco-Torrijos<\/a>, Maynooth University, Co. Kildare, Ireland<\/strong><\/p>\n\n\n\n<div class=\"wp-block-media-text is-stacked-on-mobile\" style=\"grid-template-columns:21% auto\"><figure class=\"wp-block-media-text__media\"><img loading=\"lazy\" decoding=\"async\" width=\"461\" height=\"363\" src=\"https:\/\/gp2a.org\/wp-content\/uploads\/2025\/01\/Trinidad.jpg\" alt=\"\" class=\"wp-image-4834 size-full\" srcset=\"https:\/\/gp2a.org\/wp-content\/uploads\/2025\/01\/Trinidad.jpg 461w, https:\/\/gp2a.org\/wp-content\/uploads\/2025\/01\/Trinidad-300x236.jpg 300w\" sizes=\"(max-width: 461px) 100vw, 461px\" \/><\/figure><div class=\"wp-block-media-text__content\">\n<p>Trinidad Velasco-Torrijos is an Associate Professor in Pharmaceutical Chemistry at Maynooth University (Ireland). After graduating in Organic Chemistry from Universidad Autonoma de Madrid (Spain), she joined the group of Prof Tony Davis (first in Trinity College Dublin, moving later to the University of Bristol, United Kingdom) to pursue doctoral studies, which she completed in 2002. Her PhD research was in the field of supramolecular chemistry, specifically in the recognition of carbohydrates by synthetic receptors. Trinidad then carried out a postdoctoral stay with Prof Annemieke Madder at Ghent University (Belgium) in 2003, before returning to Ireland where she held a Marie Curie postdoctoral fellowship in the group of Prof Paul Murphy at University College Dublin. She was appointed as lecturer in Pharmaceutical Chemistry in Maynooth University in 2007, where she established her independent research group, becoming Associate Professor in 2020. Trinidad is also Principal Investigator at the Kathleen Lonsdale Institute for Human Health Research at Maynooth University. She is an active member of the glycoscience and medicinal chemistry community in Ireland and abroad, being part of several European networks and collaborations. Her research interests and expertise are in the synthesis of carbohydrate-based soft materials and bioactive compounds. In particular, the group is interested in the development of carbohydrate derivatives, glycomimetics and glycoconjugates that can modulate physical and biological adhesion processes involved in diseases such as cancer and infection.<\/p>\n<\/div><\/div>\n\n\n\n<p class=\"has-text-align-left\"><strong><a href=\"https:\/\/www.ch.cam.ac.uk\/person\/mv245\" target=\"_blank\" rel=\"noreferrer noopener\">Prof. Michele Vendruscolo<\/a>, University of Cambridge, UK<\/strong><\/p>\n\n\n\n<div class=\"wp-block-media-text is-stacked-on-mobile\" style=\"grid-template-columns:24% auto\"><figure class=\"wp-block-media-text__media\"><img loading=\"lazy\" decoding=\"async\" width=\"812\" height=\"1024\" src=\"https:\/\/gp2a.org\/wp-content\/uploads\/2025\/01\/Vendruscolo-Photo-812x1024.jpg\" alt=\"\" class=\"wp-image-4835 size-full\" srcset=\"https:\/\/gp2a.org\/wp-content\/uploads\/2025\/01\/Vendruscolo-Photo-812x1024.jpg 812w, https:\/\/gp2a.org\/wp-content\/uploads\/2025\/01\/Vendruscolo-Photo-238x300.jpg 238w, https:\/\/gp2a.org\/wp-content\/uploads\/2025\/01\/Vendruscolo-Photo-768x968.jpg 768w, https:\/\/gp2a.org\/wp-content\/uploads\/2025\/01\/Vendruscolo-Photo.jpg 1021w\" sizes=\"(max-width: 812px) 100vw, 812px\" \/><\/figure><div class=\"wp-block-media-text__content\">\n<p>Michele Vendruscolo is Professor of Biophysics, Director of the Chemistry of Health Laboratory and Co-Director of the Centre for Misfolding Diseases at the Department of Chemistry of the University of Cambridge, where he moved over 20 years ago. His work is aimed at establishing the fundamental principles of protein homeostasis and protein aggregation, and at exploiting these principles to develop methods for drug discovery in neurodegenerative diseases. He has published over 500 scientific papers and 20 patents, and given over 500 invited lectures at international meetings. He has been founder and chief scientific officer of Wren Therapeutics (now WaveBreak Therapeutics).<\/p>\n<\/div><\/div>\n\n\n\n<p><\/p>\n","protected":false},"excerpt":{"rendered":"<p>Prof. Maria Laura Bolognesi, University of Bologna, Italy Leveraging medicinal chemistry for the United Nations Sustainable Development Goals Dr. Rachael Dickman, University College London, UK Discovery and structure-activity-relationships of cyclic antimicrobial peptides Dr. Stephanie Federico, University of Trieste, Italy Casein Kinase 1: Where We Are and Where We are Going Dr. Miguel Angel Gonz\u00e1lez Cardenete,<a href=\"https:\/\/gp2a.org\/index.php\/invited-speakers-gp2a-2025-paul-ehrlich-medchem-2025-nantes-france-june-11th-to-13th-2025\/\" class=\"readmore\">Read More&#8230;<\/a><\/p>\n","protected":false},"author":2,"featured_media":0,"parent":0,"menu_order":0,"comment_status":"closed","ping_status":"closed","template":"","meta":{"footnotes":""},"_links":{"self":[{"href":"https:\/\/gp2a.org\/index.php\/wp-json\/wp\/v2\/pages\/4828"}],"collection":[{"href":"https:\/\/gp2a.org\/index.php\/wp-json\/wp\/v2\/pages"}],"about":[{"href":"https:\/\/gp2a.org\/index.php\/wp-json\/wp\/v2\/types\/page"}],"author":[{"embeddable":true,"href":"https:\/\/gp2a.org\/index.php\/wp-json\/wp\/v2\/users\/2"}],"replies":[{"embeddable":true,"href":"https:\/\/gp2a.org\/index.php\/wp-json\/wp\/v2\/comments?post=4828"}],"version-history":[{"count":12,"href":"https:\/\/gp2a.org\/index.php\/wp-json\/wp\/v2\/pages\/4828\/revisions"}],"predecessor-version":[{"id":4952,"href":"https:\/\/gp2a.org\/index.php\/wp-json\/wp\/v2\/pages\/4828\/revisions\/4952"}],"wp:attachment":[{"href":"https:\/\/gp2a.org\/index.php\/wp-json\/wp\/v2\/media?parent=4828"}],"curies":[{"name":"wp","href":"https:\/\/api.w.org\/{rel}","templated":true}]}}